{"id":22308,"date":"2024-02-29T19:30:52","date_gmt":"2024-02-29T18:30:52","guid":{"rendered":"https:\/\/hansa-flex.ba\/company\/"},"modified":"2024-06-06T15:04:41","modified_gmt":"2024-06-06T13:04:41","slug":"company","status":"publish","type":"page","link":"https:\/\/hansa-flex.ba\/de\/company\/","title":{"rendered":"Unternehmen"},"content":{"rendered":"\n<p>HANSA\u2011FLEX\u00a0ist eine global t\u00e4tige Aktiengesellschaft in Familienbesitz mit Hauptsitz in Bremen. Wir sind einer der weltweit f\u00fchrenden Anbieter von Produkten, Dienstleistungen und ganzheitlichen L\u00f6sungen rund um die Hydraulik. Mit \u00fcber 4.200 Mitarbeiterinnen und Mitarbeitern an \u00fcber 445 Standorten arbeiten wir Tag f\u00fcr Tag daran, der beste Partner und Dienstleister f\u00fcr unsere Kunden zu sein.<\/p>\n","protected":false},"excerpt":{"rendered":"<p>HANSA\u2011FLEX\u00a0ist eine global t\u00e4tige Aktiengesellschaft in Familienbesitz mit Hauptsitz in Bremen. Wir sind einer der weltweit f\u00fchrenden Anbieter von Produkten, Dienstleistungen und ganzheitlichen L\u00f6sungen rund um die Hydraulik. Mit \u00fcber 4.200 Mitarbeiterinnen und Mitarbeitern an \u00fcber 445 Standorten arbeiten wir Tag f\u00fcr Tag daran, der beste Partner und Dienstleister f\u00fcr unsere Kunden zu sein.<\/p>\n","protected":false},"author":1,"featured_media":5098,"parent":0,"menu_order":0,"comment_status":"closed","ping_status":"closed","template":"","meta":{"_acf_changed":false,"footnotes":""},"class_list":["post-22308","page","type-page","status-publish","has-post-thumbnail","hentry"],"acf":[],"_links":{"self":[{"href":"https:\/\/hansa-flex.ba\/de\/wp-json\/wp\/v2\/pages\/22308","targetHints":{"allow":["GET"]}}],"collection":[{"href":"https:\/\/hansa-flex.ba\/de\/wp-json\/wp\/v2\/pages"}],"about":[{"href":"https:\/\/hansa-flex.ba\/de\/wp-json\/wp\/v2\/types\/page"}],"author":[{"embeddable":true,"href":"https:\/\/hansa-flex.ba\/de\/wp-json\/wp\/v2\/users\/1"}],"replies":[{"embeddable":true,"href":"https:\/\/hansa-flex.ba\/de\/wp-json\/wp\/v2\/comments?post=22308"}],"version-history":[{"count":0,"href":"https:\/\/hansa-flex.ba\/de\/wp-json\/wp\/v2\/pages\/22308\/revisions"}],"wp:featuredmedia":[{"embeddable":true,"href":"https:\/\/hansa-flex.ba\/de\/wp-json\/wp\/v2\/media\/5098"}],"wp:attachment":[{"href":"https:\/\/hansa-flex.ba\/de\/wp-json\/wp\/v2\/media?parent=22308"}],"curies":[{"name":"wp","href":"https:\/\/api.w.org\/{rel}","templated":true}]}}