{"id":5112,"date":"2024-03-10T13:17:32","date_gmt":"2024-03-10T11:17:32","guid":{"rendered":"https:\/\/hansa-flex.ba\/?page_id=5112"},"modified":"2026-03-16T13:08:54","modified_gmt":"2026-03-16T12:08:54","slug":"management","status":"publish","type":"page","link":"https:\/\/hansa-flex.ba\/de\/company\/management\/","title":{"rendered":"Management"},"content":{"rendered":"\n<p>Der Name\u00a0HANSA\u2011FLEX\u00a0steht seit 1962 f\u00fcr Qualit\u00e4t und Innovation. Trotz der weltweiten Expansion und der stetigen Erweiterung des Produktportfolios befindet sich\u00a0HANSA\u2011FLEX\u00a0auch als global agierendes Unternehmen noch immer in Familienhand und versteht sich auch so \u2013 als Familienunternehmen. Die strategische F\u00fchrung des Unternehmens liegt in den H\u00e4nden des dreik\u00f6pfigen Vorstands, der von Thomas Armerding, dem Sohn des Unternehmensgr\u00fcnders Joachim Armerding geleitet wird.<\/p>\n","protected":false},"excerpt":{"rendered":"<p>Der Name\u00a0HANSA\u2011FLEX\u00a0steht seit 1962 f\u00fcr Qualit\u00e4t und Innovation. Trotz der weltweiten Expansion und der stetigen Erweiterung des Produktportfolios befindet sich\u00a0HANSA\u2011FLEX\u00a0auch als global agierendes Unternehmen noch immer in Familienhand und versteht sich auch so \u2013 als Familienunternehmen. Die strategische F\u00fchrung des Unternehmens liegt in den H\u00e4nden des dreik\u00f6pfigen Vorstands, der von Thomas Armerding, dem Sohn des [&hellip;]<\/p>\n","protected":false},"author":1,"featured_media":24376,"parent":22308,"menu_order":1,"comment_status":"closed","ping_status":"closed","template":"","meta":{"_acf_changed":true,"footnotes":""},"class_list":["post-5112","page","type-page","status-publish","has-post-thumbnail","hentry"],"acf":[],"_links":{"self":[{"href":"https:\/\/hansa-flex.ba\/de\/wp-json\/wp\/v2\/pages\/5112","targetHints":{"allow":["GET"]}}],"collection":[{"href":"https:\/\/hansa-flex.ba\/de\/wp-json\/wp\/v2\/pages"}],"about":[{"href":"https:\/\/hansa-flex.ba\/de\/wp-json\/wp\/v2\/types\/page"}],"author":[{"embeddable":true,"href":"https:\/\/hansa-flex.ba\/de\/wp-json\/wp\/v2\/users\/1"}],"replies":[{"embeddable":true,"href":"https:\/\/hansa-flex.ba\/de\/wp-json\/wp\/v2\/comments?post=5112"}],"version-history":[{"count":0,"href":"https:\/\/hansa-flex.ba\/de\/wp-json\/wp\/v2\/pages\/5112\/revisions"}],"up":[{"embeddable":true,"href":"https:\/\/hansa-flex.ba\/de\/wp-json\/wp\/v2\/pages\/22308"}],"wp:featuredmedia":[{"embeddable":true,"href":"https:\/\/hansa-flex.ba\/de\/wp-json\/wp\/v2\/media\/24376"}],"wp:attachment":[{"href":"https:\/\/hansa-flex.ba\/de\/wp-json\/wp\/v2\/media?parent=5112"}],"curies":[{"name":"wp","href":"https:\/\/api.w.org\/{rel}","templated":true}]}}