{"id":5527,"date":"2024-03-10T19:33:39","date_gmt":"2024-03-10T17:33:39","guid":{"rendered":"https:\/\/hansa-flex.ba\/?page_id=5527"},"modified":"2024-04-17T19:38:56","modified_gmt":"2024-04-17T17:38:56","slug":"verantwortung-und-soziales-engagement","status":"publish","type":"page","link":"https:\/\/hansa-flex.ba\/de\/company\/verantwortung-und-soziales-engagement\/","title":{"rendered":"Verantwortung und Soziales Engagement"},"content":{"rendered":"\n<p>F\u00fcr\u00a0HANSA\u2011FLEX\u00a0als inhabergef\u00fchrtes Familienunternehmen spielt das soziale Engagement f\u00fcr die Menschen und die Gesellschaft seit jeher eine gro\u00dfe Rolle. Neben der Unterst\u00fctzung karitativer Einrichtungen und Projekte werden auch die Bereiche Sport, Bildung und interkultureller Austausch gef\u00f6rdert.<\/p>\n","protected":false},"excerpt":{"rendered":"<p>F\u00fcr\u00a0HANSA\u2011FLEX\u00a0als inhabergef\u00fchrtes Familienunternehmen spielt das soziale Engagement f\u00fcr die Menschen und die Gesellschaft seit jeher eine gro\u00dfe Rolle. Neben der Unterst\u00fctzung karitativer Einrichtungen und Projekte werden auch die Bereiche Sport, Bildung und interkultureller Austausch gef\u00f6rdert.<\/p>\n","protected":false},"author":1,"featured_media":5178,"parent":22308,"menu_order":0,"comment_status":"closed","ping_status":"closed","template":"","meta":{"_acf_changed":true,"footnotes":""},"class_list":["post-5527","page","type-page","status-publish","has-post-thumbnail","hentry"],"acf":[],"_links":{"self":[{"href":"https:\/\/hansa-flex.ba\/de\/wp-json\/wp\/v2\/pages\/5527","targetHints":{"allow":["GET"]}}],"collection":[{"href":"https:\/\/hansa-flex.ba\/de\/wp-json\/wp\/v2\/pages"}],"about":[{"href":"https:\/\/hansa-flex.ba\/de\/wp-json\/wp\/v2\/types\/page"}],"author":[{"embeddable":true,"href":"https:\/\/hansa-flex.ba\/de\/wp-json\/wp\/v2\/users\/1"}],"replies":[{"embeddable":true,"href":"https:\/\/hansa-flex.ba\/de\/wp-json\/wp\/v2\/comments?post=5527"}],"version-history":[{"count":0,"href":"https:\/\/hansa-flex.ba\/de\/wp-json\/wp\/v2\/pages\/5527\/revisions"}],"up":[{"embeddable":true,"href":"https:\/\/hansa-flex.ba\/de\/wp-json\/wp\/v2\/pages\/22308"}],"wp:featuredmedia":[{"embeddable":true,"href":"https:\/\/hansa-flex.ba\/de\/wp-json\/wp\/v2\/media\/5178"}],"wp:attachment":[{"href":"https:\/\/hansa-flex.ba\/de\/wp-json\/wp\/v2\/media?parent=5527"}],"curies":[{"name":"wp","href":"https:\/\/api.w.org\/{rel}","templated":true}]}}