{"id":5570,"date":"2024-03-10T20:24:35","date_gmt":"2024-03-10T18:24:35","guid":{"rendered":"https:\/\/hansa-flex.ba\/?page_id=5570"},"modified":"2024-03-31T22:40:14","modified_gmt":"2024-03-31T19:40:14","slug":"land-und-forstwirtschaft","status":"publish","type":"page","link":"https:\/\/hansa-flex.ba\/de\/company\/referenzen\/land-und-forstwirtschaft\/","title":{"rendered":"Land- und Forstwirtschaft"},"content":{"rendered":"\n<p>Die starken Maschinen in der Landtechnik und Forstwirtschaft nutzen die Kraft der Hydraulik, um schwere Ladungen zu bewegen und kr\u00e4ftezehrende Arbeiten durchzuf\u00fchren. Wind und Wetter halten sie dabei nicht auf. Der Einsatz in der Natur hinterl\u00e4sst jedoch seine Spuren. Erfahren Sie, wie\u00a0HANSA\u2011FLEX\u00a0als Systempartner Kunden mit einem 24\/7-Kundenservice, schneller Ersatzteilversorgung und Beratungsangeboten rund um die Mobilhydraulik unterst\u00fctzt.<\/p>\n","protected":false},"excerpt":{"rendered":"<p>Die starken Maschinen in der Landtechnik und Forstwirtschaft nutzen die Kraft der Hydraulik, um schwere Ladungen zu bewegen und kr\u00e4ftezehrende Arbeiten durchzuf\u00fchren. Wind und Wetter halten sie dabei nicht auf. Der Einsatz in der Natur hinterl\u00e4sst jedoch seine Spuren. Erfahren Sie, wie\u00a0HANSA\u2011FLEX\u00a0als Systempartner Kunden mit einem 24\/7-Kundenservice, schneller Ersatzteilversorgung und Beratungsangeboten rund um die Mobilhydraulik [&hellip;]<\/p>\n","protected":false},"author":1,"featured_media":5279,"parent":5559,"menu_order":1,"comment_status":"closed","ping_status":"closed","template":"","meta":{"_acf_changed":false,"footnotes":""},"class_list":["post-5570","page","type-page","status-publish","has-post-thumbnail","hentry"],"acf":[],"_links":{"self":[{"href":"https:\/\/hansa-flex.ba\/de\/wp-json\/wp\/v2\/pages\/5570","targetHints":{"allow":["GET"]}}],"collection":[{"href":"https:\/\/hansa-flex.ba\/de\/wp-json\/wp\/v2\/pages"}],"about":[{"href":"https:\/\/hansa-flex.ba\/de\/wp-json\/wp\/v2\/types\/page"}],"author":[{"embeddable":true,"href":"https:\/\/hansa-flex.ba\/de\/wp-json\/wp\/v2\/users\/1"}],"replies":[{"embeddable":true,"href":"https:\/\/hansa-flex.ba\/de\/wp-json\/wp\/v2\/comments?post=5570"}],"version-history":[{"count":0,"href":"https:\/\/hansa-flex.ba\/de\/wp-json\/wp\/v2\/pages\/5570\/revisions"}],"up":[{"embeddable":true,"href":"https:\/\/hansa-flex.ba\/de\/wp-json\/wp\/v2\/pages\/5559"}],"wp:featuredmedia":[{"embeddable":true,"href":"https:\/\/hansa-flex.ba\/de\/wp-json\/wp\/v2\/media\/5279"}],"wp:attachment":[{"href":"https:\/\/hansa-flex.ba\/de\/wp-json\/wp\/v2\/media?parent=5570"}],"curies":[{"name":"wp","href":"https:\/\/api.w.org\/{rel}","templated":true}]}}