{"id":6730,"date":"2024-03-18T10:43:45","date_gmt":"2024-03-18T08:43:45","guid":{"rendered":"https:\/\/hansa-flex.ba\/?page_id=6730"},"modified":"2024-04-11T15:08:29","modified_gmt":"2024-04-11T12:08:29","slug":"schlaeuche-und-schlauchleitungen","status":"publish","type":"page","link":"https:\/\/hansa-flex.ba\/de\/produkte\/schlaeuche-und-schlauchleitungen\/","title":{"rendered":"Schl\u00e4uche und Schlauchleitungen"},"content":{"rendered":"\n<p>Das Portfolio von HANSA\u2011FLEX umfasst Schl\u00e4uche f\u00fcr die Hydraulik und Pneumatik sowie f\u00fcr den Transport von Chemikalien, Lebensmitteln, Luft, Wasser und abrasiven Medien. Neben Standardschl\u00e4uchen bieten wir auch Saug- und Druckschl\u00e4uche sowie passendes Zubeh\u00f6r an und konfektionieren Schlauchleitungen nach individuellen Anforderungen.<\/p>\n","protected":false},"excerpt":{"rendered":"<p>Das Portfolio von HANSA\u2011FLEX umfasst Schl\u00e4uche f\u00fcr die Hydraulik und Pneumatik sowie f\u00fcr den Transport von Chemikalien, Lebensmitteln, Luft, Wasser und abrasiven Medien. Neben Standardschl\u00e4uchen bieten wir auch Saug- und Druckschl\u00e4uche sowie passendes Zubeh\u00f6r an und konfektionieren Schlauchleitungen nach individuellen Anforderungen.<\/p>\n","protected":false},"author":3,"featured_media":5858,"parent":5842,"menu_order":0,"comment_status":"closed","ping_status":"closed","template":"","meta":{"_acf_changed":true,"footnotes":""},"class_list":["post-6730","page","type-page","status-publish","has-post-thumbnail","hentry"],"acf":[],"_links":{"self":[{"href":"https:\/\/hansa-flex.ba\/de\/wp-json\/wp\/v2\/pages\/6730","targetHints":{"allow":["GET"]}}],"collection":[{"href":"https:\/\/hansa-flex.ba\/de\/wp-json\/wp\/v2\/pages"}],"about":[{"href":"https:\/\/hansa-flex.ba\/de\/wp-json\/wp\/v2\/types\/page"}],"author":[{"embeddable":true,"href":"https:\/\/hansa-flex.ba\/de\/wp-json\/wp\/v2\/users\/3"}],"replies":[{"embeddable":true,"href":"https:\/\/hansa-flex.ba\/de\/wp-json\/wp\/v2\/comments?post=6730"}],"version-history":[{"count":0,"href":"https:\/\/hansa-flex.ba\/de\/wp-json\/wp\/v2\/pages\/6730\/revisions"}],"up":[{"embeddable":true,"href":"https:\/\/hansa-flex.ba\/de\/wp-json\/wp\/v2\/pages\/5842"}],"wp:featuredmedia":[{"embeddable":true,"href":"https:\/\/hansa-flex.ba\/de\/wp-json\/wp\/v2\/media\/5858"}],"wp:attachment":[{"href":"https:\/\/hansa-flex.ba\/de\/wp-json\/wp\/v2\/media?parent=6730"}],"curies":[{"name":"wp","href":"https:\/\/api.w.org\/{rel}","templated":true}]}}