{"id":6863,"date":"2024-03-18T17:48:17","date_gmt":"2024-03-18T15:48:17","guid":{"rendered":"https:\/\/hansa-flex.ba\/?page_id=6863"},"modified":"2024-04-09T19:13:25","modified_gmt":"2024-04-09T16:13:25","slug":"formschlaeuche","status":"publish","type":"page","link":"https:\/\/hansa-flex.ba\/de\/formschlaeuche\/","title":{"rendered":"Formschl\u00e4uche"},"content":{"rendered":"\n<p>Formschl\u00e4uche kommen \u00fcberall dort zum Einsatz, wo die Verwendung herk\u00f6mmlicher Schlauchleitungen aufgrund des engen Einbauraums nicht m\u00f6glich ist. Wenn beispielsweise f\u00fcr den Transport von Treibstoff oder K\u00fchlmedien in Motoren oder Batterien enge Biegeradien erforderlich sind, stellen Formschl\u00e4uche von HANSA\u2011FLEX eine effektive und zugleich kosteng\u00fcnstige L\u00f6sung dar.<\/p>\n","protected":false},"excerpt":{"rendered":"<p>Formschl\u00e4uche kommen \u00fcberall dort zum Einsatz, wo die Verwendung herk\u00f6mmlicher Schlauchleitungen aufgrund des engen Einbauraums nicht m\u00f6glich ist. Wenn beispielsweise f\u00fcr den Transport von Treibstoff oder K\u00fchlmedien in Motoren oder Batterien enge Biegeradien erforderlich sind, stellen Formschl\u00e4uche von HANSA\u2011FLEX eine effektive und zugleich kosteng\u00fcnstige L\u00f6sung dar.<\/p>\n","protected":false},"author":3,"featured_media":5905,"parent":0,"menu_order":0,"comment_status":"closed","ping_status":"closed","template":"","meta":{"_acf_changed":true,"footnotes":""},"class_list":["post-6863","page","type-page","status-publish","has-post-thumbnail","hentry"],"acf":[],"_links":{"self":[{"href":"https:\/\/hansa-flex.ba\/de\/wp-json\/wp\/v2\/pages\/6863","targetHints":{"allow":["GET"]}}],"collection":[{"href":"https:\/\/hansa-flex.ba\/de\/wp-json\/wp\/v2\/pages"}],"about":[{"href":"https:\/\/hansa-flex.ba\/de\/wp-json\/wp\/v2\/types\/page"}],"author":[{"embeddable":true,"href":"https:\/\/hansa-flex.ba\/de\/wp-json\/wp\/v2\/users\/3"}],"replies":[{"embeddable":true,"href":"https:\/\/hansa-flex.ba\/de\/wp-json\/wp\/v2\/comments?post=6863"}],"version-history":[{"count":0,"href":"https:\/\/hansa-flex.ba\/de\/wp-json\/wp\/v2\/pages\/6863\/revisions"}],"wp:featuredmedia":[{"embeddable":true,"href":"https:\/\/hansa-flex.ba\/de\/wp-json\/wp\/v2\/media\/5905"}],"wp:attachment":[{"href":"https:\/\/hansa-flex.ba\/de\/wp-json\/wp\/v2\/media?parent=6863"}],"curies":[{"name":"wp","href":"https:\/\/api.w.org\/{rel}","templated":true}]}}