{"id":6991,"date":"2024-03-20T15:01:52","date_gmt":"2024-03-20T13:01:52","guid":{"rendered":"https:\/\/hansa-flex.ba\/?page_id=6991"},"modified":"2024-04-17T19:21:52","modified_gmt":"2024-04-17T17:21:52","slug":"antriebs-und-steuerungstechnik","status":"publish","type":"page","link":"https:\/\/hansa-flex.ba\/de\/produkte\/antriebs-und-steuerungstechnik\/","title":{"rendered":"Antriebs- und steuerungstechnik"},"content":{"rendered":"\n<p>Unsere Hydraulikkomponenten erf\u00fcllen die h\u00f6chsten Qualit\u00e4tsstandards und HANSA\u2011FLEX ist nach DIN ISO 9001 zertifiziert. Die Verf\u00fcgbarkeit stellt unser Lager mit \u00fcber 4.500 Hydraulikkomponenten sicher. Auch ein ausgew\u00e4hltes Programm mit Komponenten aus dem 700 bar Bereich halten wir vor.<\/p>\n","protected":false},"excerpt":{"rendered":"<p>Unsere Hydraulikkomponenten erf\u00fcllen die h\u00f6chsten Qualit\u00e4tsstandards und HANSA\u2011FLEX ist nach DIN ISO 9001 zertifiziert. Die Verf\u00fcgbarkeit stellt unser Lager mit \u00fcber 4.500 Hydraulikkomponenten sicher. Auch ein ausgew\u00e4hltes Programm mit Komponenten aus dem 700 bar Bereich halten wir vor.<\/p>\n","protected":false},"author":3,"featured_media":6034,"parent":5842,"menu_order":0,"comment_status":"closed","ping_status":"closed","template":"","meta":{"_acf_changed":true,"footnotes":""},"class_list":["post-6991","page","type-page","status-publish","has-post-thumbnail","hentry"],"acf":[],"_links":{"self":[{"href":"https:\/\/hansa-flex.ba\/de\/wp-json\/wp\/v2\/pages\/6991","targetHints":{"allow":["GET"]}}],"collection":[{"href":"https:\/\/hansa-flex.ba\/de\/wp-json\/wp\/v2\/pages"}],"about":[{"href":"https:\/\/hansa-flex.ba\/de\/wp-json\/wp\/v2\/types\/page"}],"author":[{"embeddable":true,"href":"https:\/\/hansa-flex.ba\/de\/wp-json\/wp\/v2\/users\/3"}],"replies":[{"embeddable":true,"href":"https:\/\/hansa-flex.ba\/de\/wp-json\/wp\/v2\/comments?post=6991"}],"version-history":[{"count":0,"href":"https:\/\/hansa-flex.ba\/de\/wp-json\/wp\/v2\/pages\/6991\/revisions"}],"up":[{"embeddable":true,"href":"https:\/\/hansa-flex.ba\/de\/wp-json\/wp\/v2\/pages\/5842"}],"wp:featuredmedia":[{"embeddable":true,"href":"https:\/\/hansa-flex.ba\/de\/wp-json\/wp\/v2\/media\/6034"}],"wp:attachment":[{"href":"https:\/\/hansa-flex.ba\/de\/wp-json\/wp\/v2\/media?parent=6991"}],"curies":[{"name":"wp","href":"https:\/\/api.w.org\/{rel}","templated":true}]}}