{"id":7066,"date":"2024-03-21T13:10:09","date_gmt":"2024-03-21T11:10:09","guid":{"rendered":"https:\/\/hansa-flex.ba\/?page_id=7066"},"modified":"2024-04-18T12:13:25","modified_gmt":"2024-04-18T10:13:25","slug":"messtechnik","status":"publish","type":"page","link":"https:\/\/hansa-flex.ba\/de\/produkte\/antriebs-und-steuerungstechnik\/messtechnik\/","title":{"rendered":"Messtechnik"},"content":{"rendered":"\n<p>Bei der Messtechnik in hydraulischen Systemen kommt es auf h\u00f6chste Pr\u00e4zision an. F\u00fcr einen zuverl\u00e4ssigen Betrieb von Anlagen und Maschinen sollten Druck, Temperatur und Volumenstrom exakt erfasst werden. Durch eine kontinuierliche Zustands\u00fcberwachung kann Verschlei\u00df an den Hydraulikkomponenten effizient vorgebeugt werden.<\/p>\n","protected":false},"excerpt":{"rendered":"<p>Bei der Messtechnik in hydraulischen Systemen kommt es auf h\u00f6chste Pr\u00e4zision an. F\u00fcr einen zuverl\u00e4ssigen Betrieb von Anlagen und Maschinen sollten Druck, Temperatur und Volumenstrom exakt erfasst werden. Durch eine kontinuierliche Zustands\u00fcberwachung kann Verschlei\u00df an den Hydraulikkomponenten effizient vorgebeugt werden.<\/p>\n","protected":false},"author":3,"featured_media":7067,"parent":6991,"menu_order":0,"comment_status":"closed","ping_status":"closed","template":"","meta":{"_acf_changed":true,"footnotes":""},"class_list":["post-7066","page","type-page","status-publish","has-post-thumbnail","hentry"],"acf":[],"_links":{"self":[{"href":"https:\/\/hansa-flex.ba\/de\/wp-json\/wp\/v2\/pages\/7066","targetHints":{"allow":["GET"]}}],"collection":[{"href":"https:\/\/hansa-flex.ba\/de\/wp-json\/wp\/v2\/pages"}],"about":[{"href":"https:\/\/hansa-flex.ba\/de\/wp-json\/wp\/v2\/types\/page"}],"author":[{"embeddable":true,"href":"https:\/\/hansa-flex.ba\/de\/wp-json\/wp\/v2\/users\/3"}],"replies":[{"embeddable":true,"href":"https:\/\/hansa-flex.ba\/de\/wp-json\/wp\/v2\/comments?post=7066"}],"version-history":[{"count":0,"href":"https:\/\/hansa-flex.ba\/de\/wp-json\/wp\/v2\/pages\/7066\/revisions"}],"up":[{"embeddable":true,"href":"https:\/\/hansa-flex.ba\/de\/wp-json\/wp\/v2\/pages\/6991"}],"wp:featuredmedia":[{"embeddable":true,"href":"https:\/\/hansa-flex.ba\/de\/wp-json\/wp\/v2\/media\/7067"}],"wp:attachment":[{"href":"https:\/\/hansa-flex.ba\/de\/wp-json\/wp\/v2\/media?parent=7066"}],"curies":[{"name":"wp","href":"https:\/\/api.w.org\/{rel}","templated":true}]}}