{"id":7271,"date":"2024-03-22T16:32:20","date_gmt":"2024-03-22T14:32:20","guid":{"rendered":"https:\/\/hansa-flex.ba\/?page_id=7271"},"modified":"2024-04-12T15:12:48","modified_gmt":"2024-04-12T13:12:48","slug":"oelfilterung-und-reinigung","status":"publish","type":"page","link":"https:\/\/hansa-flex.ba\/de\/services\/fluidmanagement\/oelfilterung-und-reinigung\/","title":{"rendered":"\u00d6lfilterung und -reinigung"},"content":{"rendered":"\n<p>Feste und fl\u00fcssige Verunreinigungen verursachen Abrieb, steigern den Verschlei\u00df und beg\u00fcnstigen Korrosion. Durch eine regelm\u00e4\u00dfige \u00d6lfiltration sorgen Sie f\u00fcr reibungslose Produktionsprozesse und beugen Sch\u00e4den an Ger\u00e4ten, Maschinen und Anlagen vor. Die Fluidexperten von HANSA\u2011FLEX f\u00fchren f\u00fcr Sie eine fachgerechte \u00d6lreinigung gem\u00e4\u00df der gew\u00fcnschten Reinheitsklasse durch und finden die passende Filterl\u00f6sung f\u00fcr Ihr Hydraulik-System.<\/p>\n","protected":false},"excerpt":{"rendered":"<p>Feste und fl\u00fcssige Verunreinigungen verursachen Abrieb, steigern den Verschlei\u00df und beg\u00fcnstigen Korrosion. Durch eine regelm\u00e4\u00dfige \u00d6lfiltration sorgen Sie f\u00fcr reibungslose Produktionsprozesse und beugen Sch\u00e4den an Ger\u00e4ten, Maschinen und Anlagen vor. Die Fluidexperten von HANSA\u2011FLEX f\u00fchren f\u00fcr Sie eine fachgerechte \u00d6lreinigung gem\u00e4\u00df der gew\u00fcnschten Reinheitsklasse durch und finden die passende Filterl\u00f6sung f\u00fcr Ihr Hydraulik-System.<\/p>\n","protected":false},"author":3,"featured_media":7272,"parent":7232,"menu_order":0,"comment_status":"closed","ping_status":"closed","template":"","meta":{"_acf_changed":true,"footnotes":""},"class_list":["post-7271","page","type-page","status-publish","has-post-thumbnail","hentry"],"acf":[],"_links":{"self":[{"href":"https:\/\/hansa-flex.ba\/de\/wp-json\/wp\/v2\/pages\/7271","targetHints":{"allow":["GET"]}}],"collection":[{"href":"https:\/\/hansa-flex.ba\/de\/wp-json\/wp\/v2\/pages"}],"about":[{"href":"https:\/\/hansa-flex.ba\/de\/wp-json\/wp\/v2\/types\/page"}],"author":[{"embeddable":true,"href":"https:\/\/hansa-flex.ba\/de\/wp-json\/wp\/v2\/users\/3"}],"replies":[{"embeddable":true,"href":"https:\/\/hansa-flex.ba\/de\/wp-json\/wp\/v2\/comments?post=7271"}],"version-history":[{"count":0,"href":"https:\/\/hansa-flex.ba\/de\/wp-json\/wp\/v2\/pages\/7271\/revisions"}],"up":[{"embeddable":true,"href":"https:\/\/hansa-flex.ba\/de\/wp-json\/wp\/v2\/pages\/7232"}],"wp:featuredmedia":[{"embeddable":true,"href":"https:\/\/hansa-flex.ba\/de\/wp-json\/wp\/v2\/media\/7272"}],"wp:attachment":[{"href":"https:\/\/hansa-flex.ba\/de\/wp-json\/wp\/v2\/media?parent=7271"}],"curies":[{"name":"wp","href":"https:\/\/api.w.org\/{rel}","templated":true}]}}