{"id":7643,"date":"2024-03-25T15:16:01","date_gmt":"2024-03-25T13:16:01","guid":{"rendered":"https:\/\/hansa-flex.ba\/?page_id=7643"},"modified":"2024-04-10T13:27:22","modified_gmt":"2024-04-10T10:27:22","slug":"aggregatebau","status":"publish","type":"page","link":"https:\/\/hansa-flex.ba\/de\/services\/engineering\/aggregatebau\/","title":{"rendered":"Aggregatebau"},"content":{"rendered":"\n<p>Hydraulikaggregate sind als Antriebseinheit das Herzst\u00fcck von Hydrauliksystemen. Sie bestehen aus Komponenten wie einem Motor zur Energieerzeugung, einem Tank, Pumpen und Ventilen. HANSA\u2011FLEX entwickelt individuelle L\u00f6sungen, die perfekt auf die Anforderungen unserer Kunden zugeschnitten sind und produziert ab Losgr\u00f6\u00dfe 1 wie auch in Serie. Wir beraten Sie ausf\u00fchrlich zur Dimensionierung und Komponentenwahl und unterst\u00fctzen bei der Wartung.<\/p>\n","protected":false},"excerpt":{"rendered":"<p>Hydraulikaggregate sind als Antriebseinheit das Herzst\u00fcck von Hydrauliksystemen. Sie bestehen aus Komponenten wie einem Motor zur Energieerzeugung, einem Tank, Pumpen und Ventilen. HANSA\u2011FLEX entwickelt individuelle L\u00f6sungen, die perfekt auf die Anforderungen unserer Kunden zugeschnitten sind und produziert ab Losgr\u00f6\u00dfe 1 wie auch in Serie. Wir beraten Sie ausf\u00fchrlich zur Dimensionierung und Komponentenwahl und unterst\u00fctzen bei [&hellip;]<\/p>\n","protected":false},"author":3,"featured_media":7644,"parent":7620,"menu_order":0,"comment_status":"closed","ping_status":"closed","template":"","meta":{"_acf_changed":true,"footnotes":""},"class_list":["post-7643","page","type-page","status-publish","has-post-thumbnail","hentry"],"acf":[],"_links":{"self":[{"href":"https:\/\/hansa-flex.ba\/de\/wp-json\/wp\/v2\/pages\/7643","targetHints":{"allow":["GET"]}}],"collection":[{"href":"https:\/\/hansa-flex.ba\/de\/wp-json\/wp\/v2\/pages"}],"about":[{"href":"https:\/\/hansa-flex.ba\/de\/wp-json\/wp\/v2\/types\/page"}],"author":[{"embeddable":true,"href":"https:\/\/hansa-flex.ba\/de\/wp-json\/wp\/v2\/users\/3"}],"replies":[{"embeddable":true,"href":"https:\/\/hansa-flex.ba\/de\/wp-json\/wp\/v2\/comments?post=7643"}],"version-history":[{"count":0,"href":"https:\/\/hansa-flex.ba\/de\/wp-json\/wp\/v2\/pages\/7643\/revisions"}],"up":[{"embeddable":true,"href":"https:\/\/hansa-flex.ba\/de\/wp-json\/wp\/v2\/pages\/7620"}],"wp:featuredmedia":[{"embeddable":true,"href":"https:\/\/hansa-flex.ba\/de\/wp-json\/wp\/v2\/media\/7644"}],"wp:attachment":[{"href":"https:\/\/hansa-flex.ba\/de\/wp-json\/wp\/v2\/media?parent=7643"}],"curies":[{"name":"wp","href":"https:\/\/api.w.org\/{rel}","templated":true}]}}