{"id":7673,"date":"2024-03-25T15:56:42","date_gmt":"2024-03-25T13:56:42","guid":{"rendered":"https:\/\/hansa-flex.ba\/?page_id=7673"},"modified":"2024-04-10T13:37:15","modified_gmt":"2024-04-10T10:37:15","slug":"produktion","status":"publish","type":"page","link":"https:\/\/hansa-flex.ba\/de\/services\/produktion\/","title":{"rendered":"Produktion"},"content":{"rendered":"\n<p>HANSA\u2011FLEX ist nicht nur Europas gr\u00f6\u00dfter Hydraulikh\u00e4ndler, sondern auch ein bedeutender Hersteller von hochwertigen Komponenten wie Aggregaten, Metall- und Sonderschl\u00e4uchen, Sonderarmaturen, Ventilbl\u00f6cken, Dichtungen und Zylindern. In unseren Produktionsbetrieben k\u00f6nnen wir ebenso in Losgr\u00f6\u00dfe 1 produzieren wie auch in Gro\u00dfserien als OEM. Wir erreichen maximale Flexibilit\u00e4t bei h\u00f6chster Qualit\u00e4t dank 450 Mitarbeitern und modernsten Maschinen.<\/p>\n","protected":false},"excerpt":{"rendered":"<p>HANSA\u2011FLEX ist nicht nur Europas gr\u00f6\u00dfter Hydraulikh\u00e4ndler, sondern auch ein bedeutender Hersteller von hochwertigen Komponenten wie Aggregaten, Metall- und Sonderschl\u00e4uchen, Sonderarmaturen, Ventilbl\u00f6cken, Dichtungen und Zylindern. In unseren Produktionsbetrieben k\u00f6nnen wir ebenso in Losgr\u00f6\u00dfe 1 produzieren wie auch in Gro\u00dfserien als OEM. Wir erreichen maximale Flexibilit\u00e4t bei h\u00f6chster Qualit\u00e4t dank 450 Mitarbeitern und modernsten Maschinen.<\/p>\n","protected":false},"author":3,"featured_media":7674,"parent":5848,"menu_order":0,"comment_status":"closed","ping_status":"closed","template":"","meta":{"_acf_changed":true,"footnotes":""},"class_list":["post-7673","page","type-page","status-publish","has-post-thumbnail","hentry"],"acf":[],"_links":{"self":[{"href":"https:\/\/hansa-flex.ba\/de\/wp-json\/wp\/v2\/pages\/7673","targetHints":{"allow":["GET"]}}],"collection":[{"href":"https:\/\/hansa-flex.ba\/de\/wp-json\/wp\/v2\/pages"}],"about":[{"href":"https:\/\/hansa-flex.ba\/de\/wp-json\/wp\/v2\/types\/page"}],"author":[{"embeddable":true,"href":"https:\/\/hansa-flex.ba\/de\/wp-json\/wp\/v2\/users\/3"}],"replies":[{"embeddable":true,"href":"https:\/\/hansa-flex.ba\/de\/wp-json\/wp\/v2\/comments?post=7673"}],"version-history":[{"count":0,"href":"https:\/\/hansa-flex.ba\/de\/wp-json\/wp\/v2\/pages\/7673\/revisions"}],"up":[{"embeddable":true,"href":"https:\/\/hansa-flex.ba\/de\/wp-json\/wp\/v2\/pages\/5848"}],"wp:featuredmedia":[{"embeddable":true,"href":"https:\/\/hansa-flex.ba\/de\/wp-json\/wp\/v2\/media\/7674"}],"wp:attachment":[{"href":"https:\/\/hansa-flex.ba\/de\/wp-json\/wp\/v2\/media?parent=7673"}],"curies":[{"name":"wp","href":"https:\/\/api.w.org\/{rel}","templated":true}]}}